{"id":6451,"date":"2026-03-20T11:04:26","date_gmt":"2026-03-20T11:04:26","guid":{"rendered":"https:\/\/auriscollection.belo.digital\/produto\/quinta-da-fata-reserve-rouge-2014\/"},"modified":"2026-03-20T11:04:26","modified_gmt":"2026-03-20T11:04:26","slug":"quinta-da-fata-reserve-rouge-2014","status":"publish","type":"product","link":"https:\/\/auriscollection.belo.digital\/en\/produto\/quinta-da-fata-reserve-rouge-2014\/","title":{"rendered":"Quinta da Fata R\u00e9serve Rouge 2014"},"content":{"rendered":"<p>Quinta da Fata R\u00e9serve Rouge 2014 is a Portuguese wine from the D\u00e3o wine region, produced by Quinta da Fata. This wine expresses the character and authenticity of the Portuguese terroir, combining balance, structure and elegance. Made from 50% Touriga Nacional, 25% Tinta Roriz and 25% Alfrocheiro, it distinctly reflects the D\u00e3o terroir. It represents the identity and tradition of Portuguese wines, while presenting a refined and contemporary profile.   <\/p>\n","protected":false},"excerpt":{"rendered":"<p>Quinta da Fata R\u00e9serve Rouge 2014 is a Portuguese wine from the D\u00e3o wine region, produced by Quinta da Fata. This wine expresses the character and authenticity of the Portuguese [&hellip;]<\/p>\n","protected":false},"featured_media":6079,"comment_status":"open","ping_status":"closed","template":"","meta":[],"product_brand":[],"product_cat":[444],"product_tag":[],"region":[],"class_list":{"0":"post-6451","1":"product","2":"type-product","3":"status-publish","4":"has-post-thumbnail","6":"product_cat-red","7":"pa_grapes-alfrocheiro","8":"pa_grapes-tinta-roriz","9":"pa_grapes-touriga-nacional","10":"pa_oenologist-eurico-ponces-do-amaral","11":"pa_wine-year-505","12":"pa_winery-quinta-da-fata","14":"first","15":"instock","16":"shipping-taxable","17":"purchasable","18":"product-type-simple"},"_links":{"self":[{"href":"https:\/\/auriscollection.belo.digital\/en\/wp-json\/wp\/v2\/product\/6451","targetHints":{"allow":["GET"]}}],"collection":[{"href":"https:\/\/auriscollection.belo.digital\/en\/wp-json\/wp\/v2\/product"}],"about":[{"href":"https:\/\/auriscollection.belo.digital\/en\/wp-json\/wp\/v2\/types\/product"}],"replies":[{"embeddable":true,"href":"https:\/\/auriscollection.belo.digital\/en\/wp-json\/wp\/v2\/comments?post=6451"}],"wp:featuredmedia":[{"embeddable":true,"href":"https:\/\/auriscollection.belo.digital\/en\/wp-json\/wp\/v2\/media\/6079"}],"wp:attachment":[{"href":"https:\/\/auriscollection.belo.digital\/en\/wp-json\/wp\/v2\/media?parent=6451"}],"wp:term":[{"taxonomy":"product_brand","embeddable":true,"href":"https:\/\/auriscollection.belo.digital\/en\/wp-json\/wp\/v2\/product_brand?post=6451"},{"taxonomy":"product_cat","embeddable":true,"href":"https:\/\/auriscollection.belo.digital\/en\/wp-json\/wp\/v2\/product_cat?post=6451"},{"taxonomy":"product_tag","embeddable":true,"href":"https:\/\/auriscollection.belo.digital\/en\/wp-json\/wp\/v2\/product_tag?post=6451"},{"taxonomy":"region","embeddable":true,"href":"https:\/\/auriscollection.belo.digital\/en\/wp-json\/wp\/v2\/region?post=6451"}],"curies":[{"name":"wp","href":"https:\/\/api.w.org\/{rel}","templated":true}]}}