{"id":6426,"date":"2026-02-26T12:18:01","date_gmt":"2026-02-26T12:18:01","guid":{"rendered":"https:\/\/auriscollection.belo.digital\/liste-de-souhaits\/"},"modified":"2026-04-20T08:54:54","modified_gmt":"2026-04-20T08:54:54","slug":"liste-de-souhaits","status":"publish","type":"page","link":"https:\/\/auriscollection.belo.digital\/fr\/liste-de-souhaits\/","title":{"rendered":"Liste de souhaits"},"content":{"rendered":"<div class=\"qwfw-shortcode qwfw-m  qwfw-wishlist-table qwfw-layout--table qwfw--no-items\" data-token=\"7fc8b9bce8fb775c\" data-table=\"default\" data-shortcode-atts=\"{&quot;layout&quot;:&quot;table&quot;,&quot;table_name&quot;:&quot;default&quot;,&quot;table_title_tag&quot;:&quot;h3&quot;,&quot;products_per_page&quot;:10,&quot;current&quot;:1,&quot;total&quot;:0,&quot;items_count&quot;:0,&quot;enable_remove_item&quot;:&quot;&quot;,&quot;enable_add_to_cart&quot;:&quot;&quot;,&quot;orderby&quot;:&quot;&quot;}\">\n\t\t\t\t\t<div class=\"qwfw-m-inner\">\n\t\t\t<div class=\"qwfw-m-not-found\">\n\t<p class=\"qwfw-m-not-found-title\">Aucun article n&#039;a \u00e9t\u00e9 ajout\u00e9 \u00e0 la liste de souhaits <\/p>\n<\/div>\n\t\t<\/div>\n\t\t\t\t<\/div>\n\n","protected":false},"excerpt":{"rendered":"Aucun article n&#039;a \u00e9t\u00e9 ajout\u00e9 \u00e0 la liste de souhaits","protected":false},"author":1,"featured_media":0,"parent":0,"menu_order":0,"comment_status":"closed","ping_status":"closed","template":"","meta":{"footnotes":""},"class_list":["post-6426","page","type-page","status-publish","hentry"],"_links":{"self":[{"href":"https:\/\/auriscollection.belo.digital\/fr\/wp-json\/wp\/v2\/pages\/6426","targetHints":{"allow":["GET"]}}],"collection":[{"href":"https:\/\/auriscollection.belo.digital\/fr\/wp-json\/wp\/v2\/pages"}],"about":[{"href":"https:\/\/auriscollection.belo.digital\/fr\/wp-json\/wp\/v2\/types\/page"}],"author":[{"embeddable":true,"href":"https:\/\/auriscollection.belo.digital\/fr\/wp-json\/wp\/v2\/users\/1"}],"replies":[{"embeddable":true,"href":"https:\/\/auriscollection.belo.digital\/fr\/wp-json\/wp\/v2\/comments?post=6426"}],"version-history":[{"count":1,"href":"https:\/\/auriscollection.belo.digital\/fr\/wp-json\/wp\/v2\/pages\/6426\/revisions"}],"predecessor-version":[{"id":6427,"href":"https:\/\/auriscollection.belo.digital\/fr\/wp-json\/wp\/v2\/pages\/6426\/revisions\/6427"}],"wp:attachment":[{"href":"https:\/\/auriscollection.belo.digital\/fr\/wp-json\/wp\/v2\/media?parent=6426"}],"curies":[{"name":"wp","href":"https:\/\/api.w.org\/{rel}","templated":true}]}}