{"id":6445,"date":"2026-03-20T11:04:26","date_gmt":"2026-03-20T11:04:26","guid":{"rendered":"https:\/\/auriscollection.belo.digital\/produto\/quinta-da-fata-reserve-rouge-2015\/"},"modified":"2026-04-22T15:48:26","modified_gmt":"2026-04-22T15:48:26","slug":"quinta-da-fata-reserve-rouge-2015","status":"publish","type":"product","link":"https:\/\/auriscollection.belo.digital\/fr\/produit\/quinta-da-fata-reserve-rouge-2015\/","title":{"rendered":"Quinta da Fata R\u00e9serve Rouge 2015"},"content":{"rendered":"<p>Quinta da Fata R\u00e9serve Rouge 2015 est un vin portugais de la r\u00e9gion viticole du D\u00e3o, produit par Quinta da Fata. Ce vin exprime le caract\u00e8re et l&rsquo;authenticit\u00e9 du terroir portugais, alliant \u00e9quilibre, structure et \u00e9l\u00e9gance. Compos\u00e9 \u00e0 50 % de Touriga Nacional, \u00e0 25 % de Tinta Roriz et \u00e0 25 % d&rsquo;Alfrocheiro, il refl\u00e8te distinctement le terroir du D\u00e3o. Il repr\u00e9sente l&rsquo;identit\u00e9 et la tradition des vins portugais, tout en pr\u00e9sentant un profil raffin\u00e9 et contemporain.   <\/p>\n","protected":false},"excerpt":{"rendered":"<p>Quinta da Fata R\u00e9serve Rouge 2015 est un vin portugais de la r\u00e9gion viticole du D\u00e3o, produit par Quinta da Fata. Ce vin exprime le caract\u00e8re et l&rsquo;authenticit\u00e9 du terroir [&hellip;]<\/p>\n","protected":false},"featured_media":6449,"comment_status":"open","ping_status":"closed","template":"","meta":[],"product_brand":[],"product_cat":[429],"product_tag":[498],"region":[627,629],"class_list":{"0":"post-6445","1":"product","2":"type-product","3":"status-publish","4":"has-post-thumbnail","6":"product_cat-rouge","7":"product_tag-mise-en-evidence","8":"pa_grapes-criquet-pelerin","9":"pa_grapes-tinta-roriz","10":"pa_grapes-touriga-nacional","11":"pa_oenologist-eurico-ponces-do-amaral","12":"pa_wine-year-496","13":"pa_winery-quinta-da-fata","14":"region-region-du-dao","15":"region-terras-de-senhorim","17":"first","18":"instock","19":"shipping-taxable","20":"purchasable","21":"product-type-simple"},"_links":{"self":[{"href":"https:\/\/auriscollection.belo.digital\/fr\/wp-json\/wp\/v2\/product\/6445","targetHints":{"allow":["GET"]}}],"collection":[{"href":"https:\/\/auriscollection.belo.digital\/fr\/wp-json\/wp\/v2\/product"}],"about":[{"href":"https:\/\/auriscollection.belo.digital\/fr\/wp-json\/wp\/v2\/types\/product"}],"replies":[{"embeddable":true,"href":"https:\/\/auriscollection.belo.digital\/fr\/wp-json\/wp\/v2\/comments?post=6445"}],"wp:featuredmedia":[{"embeddable":true,"href":"https:\/\/auriscollection.belo.digital\/fr\/wp-json\/wp\/v2\/media\/6449"}],"wp:attachment":[{"href":"https:\/\/auriscollection.belo.digital\/fr\/wp-json\/wp\/v2\/media?parent=6445"}],"wp:term":[{"taxonomy":"product_brand","embeddable":true,"href":"https:\/\/auriscollection.belo.digital\/fr\/wp-json\/wp\/v2\/product_brand?post=6445"},{"taxonomy":"product_cat","embeddable":true,"href":"https:\/\/auriscollection.belo.digital\/fr\/wp-json\/wp\/v2\/product_cat?post=6445"},{"taxonomy":"product_tag","embeddable":true,"href":"https:\/\/auriscollection.belo.digital\/fr\/wp-json\/wp\/v2\/product_tag?post=6445"},{"taxonomy":"region","embeddable":true,"href":"https:\/\/auriscollection.belo.digital\/fr\/wp-json\/wp\/v2\/region?post=6445"}],"curies":[{"name":"wp","href":"https:\/\/api.w.org\/{rel}","templated":true}]}}