{"id":6456,"date":"2026-03-20T11:04:26","date_gmt":"2026-03-20T11:04:26","guid":{"rendered":"https:\/\/auriscollection.belo.digital\/produto\/pereira-de-melo-primado-blanc-2018\/"},"modified":"2026-04-22T15:50:04","modified_gmt":"2026-04-22T15:50:04","slug":"pereira-de-melo-primado-blanc-2018","status":"publish","type":"product","link":"https:\/\/auriscollection.belo.digital\/fr\/produit\/pereira-de-melo-primado-blanc-2018\/","title":{"rendered":"Pereira de Melo Primado Blanc 2018"},"content":{"rendered":"<p>Le Pereira de Melo Primado Blanc 2018 est un vin portugais de la r\u00e9gion viticole du D\u00e3o, produit par Pereira de Melo. Ce vin exprime le caract\u00e8re et l&rsquo;authenticit\u00e9 du terroir portugais, alliant \u00e9quilibre, structure et \u00e9l\u00e9gance. Issu du c\u00e9page Encruzado, il refl\u00e8te distinctement le terroir du D\u00e3o. Il repr\u00e9sente l&rsquo;identit\u00e9 et la tradition des vins portugais, tout en pr\u00e9sentant un profil raffin\u00e9 et contemporain.   <\/p>\n","protected":false},"excerpt":{"rendered":"<p>Le Pereira de Melo Primado Blanc 2018 est un vin portugais de la r\u00e9gion viticole du D\u00e3o, produit par Pereira de Melo. Ce vin exprime le caract\u00e8re et l&rsquo;authenticit\u00e9 du [&hellip;]<\/p>\n","protected":false},"featured_media":6462,"comment_status":"open","ping_status":"closed","template":"","meta":[],"product_brand":[],"product_cat":[450],"product_tag":[],"region":[627,630],"class_list":{"0":"post-6456","1":"product","2":"type-product","3":"status-publish","4":"has-post-thumbnail","6":"product_cat-blanc","7":"pa_grapes-croise","8":"pa_oenologist-patricia-santos","9":"pa_wine-year-512","10":"pa_winery-pereira-de-melo","11":"region-region-du-dao","12":"region-terres-du-dao","14":"first","15":"instock","16":"shipping-taxable","17":"purchasable","18":"product-type-simple"},"_links":{"self":[{"href":"https:\/\/auriscollection.belo.digital\/fr\/wp-json\/wp\/v2\/product\/6456","targetHints":{"allow":["GET"]}}],"collection":[{"href":"https:\/\/auriscollection.belo.digital\/fr\/wp-json\/wp\/v2\/product"}],"about":[{"href":"https:\/\/auriscollection.belo.digital\/fr\/wp-json\/wp\/v2\/types\/product"}],"replies":[{"embeddable":true,"href":"https:\/\/auriscollection.belo.digital\/fr\/wp-json\/wp\/v2\/comments?post=6456"}],"wp:featuredmedia":[{"embeddable":true,"href":"https:\/\/auriscollection.belo.digital\/fr\/wp-json\/wp\/v2\/media\/6462"}],"wp:attachment":[{"href":"https:\/\/auriscollection.belo.digital\/fr\/wp-json\/wp\/v2\/media?parent=6456"}],"wp:term":[{"taxonomy":"product_brand","embeddable":true,"href":"https:\/\/auriscollection.belo.digital\/fr\/wp-json\/wp\/v2\/product_brand?post=6456"},{"taxonomy":"product_cat","embeddable":true,"href":"https:\/\/auriscollection.belo.digital\/fr\/wp-json\/wp\/v2\/product_cat?post=6456"},{"taxonomy":"product_tag","embeddable":true,"href":"https:\/\/auriscollection.belo.digital\/fr\/wp-json\/wp\/v2\/product_tag?post=6456"},{"taxonomy":"region","embeddable":true,"href":"https:\/\/auriscollection.belo.digital\/fr\/wp-json\/wp\/v2\/region?post=6456"}],"curies":[{"name":"wp","href":"https:\/\/api.w.org\/{rel}","templated":true}]}}