{"id":6464,"date":"2026-03-20T11:04:26","date_gmt":"2026-03-20T11:04:26","guid":{"rendered":"https:\/\/auriscollection.belo.digital\/produto\/casal-sta-maria-pinot-noir-2021\/"},"modified":"2026-03-20T11:04:26","modified_gmt":"2026-03-20T11:04:26","slug":"casal-sta-maria-pinot-noir-2021","status":"publish","type":"product","link":"https:\/\/auriscollection.belo.digital\/fr\/produto\/casal-sta-maria-pinot-noir-2021\/","title":{"rendered":"Casal Sta Maria Pinot Noir 2021"},"content":{"rendered":"<p>Casal Sta. Maria Pinot Noir 2021 est un vin portugais de la r\u00e9gion viticole de Lisbonne, produit par Casal Sta. Maria. Ce vin exprime le caract\u00e8re et l&rsquo;authenticit\u00e9 du terroir portugais, alliant \u00e9quilibre, structure et \u00e9l\u00e9gance. Issu du c\u00e9page pinot noir, il refl\u00e8te distinctement le terroir de Lisbonne. Il repr\u00e9sente l&rsquo;identit\u00e9 et la tradition des vins portugais, tout en pr\u00e9sentant un profil raffin\u00e9 et contemporain.     <\/p>\n","protected":false},"excerpt":{"rendered":"<p>Casal Sta. Maria Pinot Noir 2021 est un vin portugais de la r\u00e9gion viticole de Lisbonne, produit par Casal Sta. Maria. Ce vin exprime le caract\u00e8re et l&rsquo;authenticit\u00e9 du terroir [&hellip;]<\/p>\n","protected":false},"featured_media":6202,"comment_status":"open","ping_status":"closed","template":"","meta":[],"product_brand":[],"product_cat":[429],"product_tag":[],"region":[],"class_list":{"0":"post-6464","1":"product","2":"type-product","3":"status-publish","4":"has-post-thumbnail","6":"product_cat-rouge","7":"pa_grapes-pinot-noir","8":"pa_oenologist-antonio-figueiredo","9":"pa_oenologist-jorge-rosa-santos","10":"pa_wine-year-416","11":"pa_winery-casal-sta-maria","13":"first","14":"instock","15":"shipping-taxable","16":"purchasable","17":"product-type-simple"},"_links":{"self":[{"href":"https:\/\/auriscollection.belo.digital\/fr\/wp-json\/wp\/v2\/product\/6464","targetHints":{"allow":["GET"]}}],"collection":[{"href":"https:\/\/auriscollection.belo.digital\/fr\/wp-json\/wp\/v2\/product"}],"about":[{"href":"https:\/\/auriscollection.belo.digital\/fr\/wp-json\/wp\/v2\/types\/product"}],"replies":[{"embeddable":true,"href":"https:\/\/auriscollection.belo.digital\/fr\/wp-json\/wp\/v2\/comments?post=6464"}],"wp:featuredmedia":[{"embeddable":true,"href":"https:\/\/auriscollection.belo.digital\/fr\/wp-json\/wp\/v2\/media\/6202"}],"wp:attachment":[{"href":"https:\/\/auriscollection.belo.digital\/fr\/wp-json\/wp\/v2\/media?parent=6464"}],"wp:term":[{"taxonomy":"product_brand","embeddable":true,"href":"https:\/\/auriscollection.belo.digital\/fr\/wp-json\/wp\/v2\/product_brand?post=6464"},{"taxonomy":"product_cat","embeddable":true,"href":"https:\/\/auriscollection.belo.digital\/fr\/wp-json\/wp\/v2\/product_cat?post=6464"},{"taxonomy":"product_tag","embeddable":true,"href":"https:\/\/auriscollection.belo.digital\/fr\/wp-json\/wp\/v2\/product_tag?post=6464"},{"taxonomy":"region","embeddable":true,"href":"https:\/\/auriscollection.belo.digital\/fr\/wp-json\/wp\/v2\/region?post=6464"}],"curies":[{"name":"wp","href":"https:\/\/api.w.org\/{rel}","templated":true}]}}