{"id":6497,"date":"2026-03-20T11:04:25","date_gmt":"2026-03-20T11:04:25","guid":{"rendered":"https:\/\/auriscollection.belo.digital\/produto\/humilitas-reserve-touriga-nacional-2015\/"},"modified":"2026-04-22T15:51:47","modified_gmt":"2026-04-22T15:51:47","slug":"humilitas-reserve-touriga-nacional-2015","status":"publish","type":"product","link":"https:\/\/auriscollection.belo.digital\/fr\/produit\/humilitas-reserve-touriga-nacional-2015\/","title":{"rendered":"Humilitas R\u00e9serve Touriga Nacional 2015"},"content":{"rendered":"<p>Humilitas R\u00e9serve Touriga Nacional 2015 est un vin rouge portugais de la r\u00e9gion viticole de l&rsquo;Alentejo, produit par Vinha das Virtudes. Ce vin exprime le caract\u00e8re et l&rsquo;authenticit\u00e9 du terroir portugais, alliant \u00e9quilibre, structure et \u00e9l\u00e9gance. \u00c9labor\u00e9 \u00e0 partir du c\u00e9page Touriga Nacional, il refl\u00e8te distinctement le terroir de l&rsquo;Alentejo. Il repr\u00e9sente l&rsquo;identit\u00e9 et la tradition des vins portugais, tout en pr\u00e9sentant un profil raffin\u00e9 et contemporain.<\/p>\n","protected":false},"excerpt":{"rendered":"<p>Humilitas R\u00e9serve Touriga Nacional 2015 est un vin rouge portugais de la r\u00e9gion viticole de l&rsquo;Alentejo, produit par Vinha das Virtudes. Ce vin exprime le caract\u00e8re et l&rsquo;authenticit\u00e9 du terroir [&hellip;]<\/p>\n","protected":false},"featured_media":6501,"comment_status":"open","ping_status":"closed","template":"","meta":[],"product_brand":[],"product_cat":[429],"product_tag":[],"region":[639,637],"class_list":{"0":"post-6497","1":"product","2":"type-product","3":"status-publish","4":"has-post-thumbnail","6":"product_cat-rouge","7":"pa_grapes-touriga-nacional","8":"pa_oenologist-pedro-baptista","9":"pa_wine-year-496","10":"pa_winery-le-vignoble-des-vertus","11":"region-region-alentejo","12":"region-region-de-lalentejo","14":"first","15":"instock","16":"shipping-taxable","17":"purchasable","18":"product-type-simple"},"_links":{"self":[{"href":"https:\/\/auriscollection.belo.digital\/fr\/wp-json\/wp\/v2\/product\/6497","targetHints":{"allow":["GET"]}}],"collection":[{"href":"https:\/\/auriscollection.belo.digital\/fr\/wp-json\/wp\/v2\/product"}],"about":[{"href":"https:\/\/auriscollection.belo.digital\/fr\/wp-json\/wp\/v2\/types\/product"}],"replies":[{"embeddable":true,"href":"https:\/\/auriscollection.belo.digital\/fr\/wp-json\/wp\/v2\/comments?post=6497"}],"wp:featuredmedia":[{"embeddable":true,"href":"https:\/\/auriscollection.belo.digital\/fr\/wp-json\/wp\/v2\/media\/6501"}],"wp:attachment":[{"href":"https:\/\/auriscollection.belo.digital\/fr\/wp-json\/wp\/v2\/media?parent=6497"}],"wp:term":[{"taxonomy":"product_brand","embeddable":true,"href":"https:\/\/auriscollection.belo.digital\/fr\/wp-json\/wp\/v2\/product_brand?post=6497"},{"taxonomy":"product_cat","embeddable":true,"href":"https:\/\/auriscollection.belo.digital\/fr\/wp-json\/wp\/v2\/product_cat?post=6497"},{"taxonomy":"product_tag","embeddable":true,"href":"https:\/\/auriscollection.belo.digital\/fr\/wp-json\/wp\/v2\/product_tag?post=6497"},{"taxonomy":"region","embeddable":true,"href":"https:\/\/auriscollection.belo.digital\/fr\/wp-json\/wp\/v2\/region?post=6497"}],"curies":[{"name":"wp","href":"https:\/\/api.w.org\/{rel}","templated":true}]}}