{"id":6677,"date":"2026-03-20T15:43:34","date_gmt":"2026-03-20T15:43:34","guid":{"rendered":"https:\/\/auriscollection.belo.digital\/produto\/quinta-da-romaneira-reserve-blanc-2017\/"},"modified":"2026-03-20T15:43:34","modified_gmt":"2026-03-20T15:43:34","slug":"quinta-da-romaneira-reserve-blanc-2017","status":"publish","type":"product","link":"https:\/\/auriscollection.belo.digital\/fr\/produto\/quinta-da-romaneira-reserve-blanc-2017\/","title":{"rendered":"Quinta da Romaneira R\u00e9serve Blanc 2017"},"content":{"rendered":"<p>Quinta da Romaneira R\u00e9serve Blanc 2017 est un vin portugais de la r\u00e9gion viticole du Douro, produit par Quinta da Romaneira. Ce vin exprime le caract\u00e8re et l&rsquo;authenticit\u00e9 du terroir portugais, alliant \u00e9quilibre, structure et \u00e9l\u00e9gance. Compos\u00e9 de 30 % de Malvasia Fina, de 30 % de Gouveio et de 40 % de Rabigato, il refl\u00e8te distinctement le terroir du Douro. Il repr\u00e9sente l&rsquo;identit\u00e9 et la tradition des vins portugais, tout en pr\u00e9sentant un profil raffin\u00e9 et contemporain.   <\/p>\n","protected":false},"excerpt":{"rendered":"<p>Quinta da Romaneira R\u00e9serve Blanc 2017 est un vin portugais de la r\u00e9gion viticole du Douro, produit par Quinta da Romaneira. Ce vin exprime le caract\u00e8re et l&rsquo;authenticit\u00e9 du terroir [&hellip;]<\/p>\n","protected":false},"featured_media":6077,"comment_status":"open","ping_status":"closed","template":"","meta":[],"product_brand":[],"product_cat":[450],"product_tag":[498],"region":[],"class_list":{"0":"post-6677","1":"product","2":"type-product","3":"status-publish","4":"has-post-thumbnail","6":"product_cat-blanc","7":"product_tag-mise-en-evidence","8":"pa_grapes-gouveio","9":"pa_grapes-malvoisie-fine","10":"pa_grapes-rabigato","11":"pa_oenologist-antonio-agrellos","12":"pa_wine-year-427","13":"pa_winery-quinta-da-romaneira","15":"first","16":"instock","17":"shipping-taxable","18":"purchasable","19":"product-type-simple"},"_links":{"self":[{"href":"https:\/\/auriscollection.belo.digital\/fr\/wp-json\/wp\/v2\/product\/6677","targetHints":{"allow":["GET"]}}],"collection":[{"href":"https:\/\/auriscollection.belo.digital\/fr\/wp-json\/wp\/v2\/product"}],"about":[{"href":"https:\/\/auriscollection.belo.digital\/fr\/wp-json\/wp\/v2\/types\/product"}],"replies":[{"embeddable":true,"href":"https:\/\/auriscollection.belo.digital\/fr\/wp-json\/wp\/v2\/comments?post=6677"}],"wp:featuredmedia":[{"embeddable":true,"href":"https:\/\/auriscollection.belo.digital\/fr\/wp-json\/wp\/v2\/media\/6077"}],"wp:attachment":[{"href":"https:\/\/auriscollection.belo.digital\/fr\/wp-json\/wp\/v2\/media?parent=6677"}],"wp:term":[{"taxonomy":"product_brand","embeddable":true,"href":"https:\/\/auriscollection.belo.digital\/fr\/wp-json\/wp\/v2\/product_brand?post=6677"},{"taxonomy":"product_cat","embeddable":true,"href":"https:\/\/auriscollection.belo.digital\/fr\/wp-json\/wp\/v2\/product_cat?post=6677"},{"taxonomy":"product_tag","embeddable":true,"href":"https:\/\/auriscollection.belo.digital\/fr\/wp-json\/wp\/v2\/product_tag?post=6677"},{"taxonomy":"region","embeddable":true,"href":"https:\/\/auriscollection.belo.digital\/fr\/wp-json\/wp\/v2\/region?post=6677"}],"curies":[{"name":"wp","href":"https:\/\/api.w.org\/{rel}","templated":true}]}}