{"id":6679,"date":"2026-03-20T15:43:34","date_gmt":"2026-03-20T15:43:34","guid":{"rendered":"https:\/\/auriscollection.belo.digital\/produto\/quinta-da-romaneira-syrah-2016\/"},"modified":"2026-03-20T15:43:34","modified_gmt":"2026-03-20T15:43:34","slug":"quinta-da-romaneira-syrah-2016","status":"publish","type":"product","link":"https:\/\/auriscollection.belo.digital\/fr\/produto\/quinta-da-romaneira-syrah-2016\/","title":{"rendered":"Quinta da Romaneira Syrah 2016"},"content":{"rendered":"<p>Quinta da Romaneira Syrah 2016 est un vin portugais de la r\u00e9gion viticole du Douro, produit par Quinta da Romaneira. Ce vin exprime le caract\u00e8re et l&rsquo;authenticit\u00e9 du terroir portugais, alliant \u00e9quilibre, structure et \u00e9l\u00e9gance. Issu du c\u00e9page syrah, il refl\u00e8te distinctement le terroir du Douro. Il repr\u00e9sente l&rsquo;identit\u00e9 et la tradition des vins portugais, tout en pr\u00e9sentant un profil raffin\u00e9 et contemporain.   <\/p>\n","protected":false},"excerpt":{"rendered":"<p>Quinta da Romaneira Syrah 2016 est un vin portugais de la r\u00e9gion viticole du Douro, produit par Quinta da Romaneira. Ce vin exprime le caract\u00e8re et l&rsquo;authenticit\u00e9 du terroir portugais, [&hellip;]<\/p>\n","protected":false},"featured_media":6075,"comment_status":"open","ping_status":"closed","template":"","meta":[],"product_brand":[],"product_cat":[429],"product_tag":[498],"region":[],"class_list":{"0":"post-6679","1":"product","2":"type-product","3":"status-publish","4":"has-post-thumbnail","6":"product_cat-rouge","7":"product_tag-mise-en-evidence","8":"pa_grapes-syrah","9":"pa_oenologist-antonio-agrellos","10":"pa_wine-year-454","11":"pa_winery-quinta-da-romaneira","13":"first","14":"instock","15":"shipping-taxable","16":"purchasable","17":"product-type-simple"},"_links":{"self":[{"href":"https:\/\/auriscollection.belo.digital\/fr\/wp-json\/wp\/v2\/product\/6679","targetHints":{"allow":["GET"]}}],"collection":[{"href":"https:\/\/auriscollection.belo.digital\/fr\/wp-json\/wp\/v2\/product"}],"about":[{"href":"https:\/\/auriscollection.belo.digital\/fr\/wp-json\/wp\/v2\/types\/product"}],"replies":[{"embeddable":true,"href":"https:\/\/auriscollection.belo.digital\/fr\/wp-json\/wp\/v2\/comments?post=6679"}],"wp:featuredmedia":[{"embeddable":true,"href":"https:\/\/auriscollection.belo.digital\/fr\/wp-json\/wp\/v2\/media\/6075"}],"wp:attachment":[{"href":"https:\/\/auriscollection.belo.digital\/fr\/wp-json\/wp\/v2\/media?parent=6679"}],"wp:term":[{"taxonomy":"product_brand","embeddable":true,"href":"https:\/\/auriscollection.belo.digital\/fr\/wp-json\/wp\/v2\/product_brand?post=6679"},{"taxonomy":"product_cat","embeddable":true,"href":"https:\/\/auriscollection.belo.digital\/fr\/wp-json\/wp\/v2\/product_cat?post=6679"},{"taxonomy":"product_tag","embeddable":true,"href":"https:\/\/auriscollection.belo.digital\/fr\/wp-json\/wp\/v2\/product_tag?post=6679"},{"taxonomy":"region","embeddable":true,"href":"https:\/\/auriscollection.belo.digital\/fr\/wp-json\/wp\/v2\/region?post=6679"}],"curies":[{"name":"wp","href":"https:\/\/api.w.org\/{rel}","templated":true}]}}