{"id":6696,"date":"2026-03-20T11:04:26","date_gmt":"2026-03-20T11:04:26","guid":{"rendered":"https:\/\/auriscollection.belo.digital\/produto\/villa-oliveira-vinha-das-pedras-altas-2017\/"},"modified":"2026-03-20T11:04:26","modified_gmt":"2026-03-20T11:04:26","slug":"villa-oliveira-vinha-das-pedras-altas-2017","status":"publish","type":"product","link":"https:\/\/auriscollection.belo.digital\/fr\/produto\/villa-oliveira-vinha-das-pedras-altas-2017\/","title":{"rendered":"Villa Oliveira Vinha das Pedras Altas 2017"},"content":{"rendered":"<p>Villa Oliveira Vinha das Pedras Altas 2017 est un vin portugais de la r\u00e9gion viticole du D\u00e3o, produit par Casa da Passarella. Ce vin exprime le caract\u00e8re et l&rsquo;authenticit\u00e9 du terroir portugais, alliant \u00e9quilibre, structure et \u00e9l\u00e9gance. \u00c9labor\u00e9 \u00e0 partir des c\u00e9pages Baga, Alfrocheiro, Touriga Nacional, Alvarelh\u00e3o, Tinta Pinheira, Jaen, Tinta Carvalha, entre autres, il refl\u00e8te distinctement le terroir du D\u00e3o. Il repr\u00e9sente l&rsquo;identit\u00e9 et la tradition des vins portugais, tout en pr\u00e9sentant un profil raffin\u00e9 et contemporain.   <\/p>\n","protected":false},"excerpt":{"rendered":"<p>Villa Oliveira Vinha das Pedras Altas 2017 est un vin portugais de la r\u00e9gion viticole du D\u00e3o, produit par Casa da Passarella. Ce vin exprime le caract\u00e8re et l&rsquo;authenticit\u00e9 du [&hellip;]<\/p>\n","protected":false},"featured_media":6095,"comment_status":"open","ping_status":"closed","template":"","meta":[],"product_brand":[],"product_cat":[429],"product_tag":[],"region":[],"class_list":{"0":"post-6696","1":"product","2":"type-product","3":"status-publish","4":"has-post-thumbnail","6":"product_cat-rouge","7":"pa_grapes-alvarelhao","8":"pa_grapes-baies","9":"pa_grapes-criquet-pelerin","10":"pa_grapes-jaen","11":"pa_grapes-peinture-chene","12":"pa_grapes-peinture-pinheira","13":"pa_grapes-touriga-nacional","14":"pa_oenologist-paulo-nunes","15":"pa_wine-year-427","16":"pa_winery-casa-da-passarella","18":"first","19":"instock","20":"shipping-taxable","21":"purchasable","22":"product-type-simple"},"_links":{"self":[{"href":"https:\/\/auriscollection.belo.digital\/fr\/wp-json\/wp\/v2\/product\/6696","targetHints":{"allow":["GET"]}}],"collection":[{"href":"https:\/\/auriscollection.belo.digital\/fr\/wp-json\/wp\/v2\/product"}],"about":[{"href":"https:\/\/auriscollection.belo.digital\/fr\/wp-json\/wp\/v2\/types\/product"}],"replies":[{"embeddable":true,"href":"https:\/\/auriscollection.belo.digital\/fr\/wp-json\/wp\/v2\/comments?post=6696"}],"wp:featuredmedia":[{"embeddable":true,"href":"https:\/\/auriscollection.belo.digital\/fr\/wp-json\/wp\/v2\/media\/6095"}],"wp:attachment":[{"href":"https:\/\/auriscollection.belo.digital\/fr\/wp-json\/wp\/v2\/media?parent=6696"}],"wp:term":[{"taxonomy":"product_brand","embeddable":true,"href":"https:\/\/auriscollection.belo.digital\/fr\/wp-json\/wp\/v2\/product_brand?post=6696"},{"taxonomy":"product_cat","embeddable":true,"href":"https:\/\/auriscollection.belo.digital\/fr\/wp-json\/wp\/v2\/product_cat?post=6696"},{"taxonomy":"product_tag","embeddable":true,"href":"https:\/\/auriscollection.belo.digital\/fr\/wp-json\/wp\/v2\/product_tag?post=6696"},{"taxonomy":"region","embeddable":true,"href":"https:\/\/auriscollection.belo.digital\/fr\/wp-json\/wp\/v2\/region?post=6696"}],"curies":[{"name":"wp","href":"https:\/\/api.w.org\/{rel}","templated":true}]}}