{"id":6720,"date":"2026-03-20T11:04:26","date_gmt":"2026-03-20T11:04:26","guid":{"rendered":"https:\/\/auriscollection.belo.digital\/produto\/val-moreira-port-wine-extra-dry\/"},"modified":"2026-03-20T11:04:26","modified_gmt":"2026-03-20T11:04:26","slug":"val-moreira-port-wine-extra-dry","status":"publish","type":"product","link":"https:\/\/auriscollection.belo.digital\/fr\/produto\/val-moreira-port-wine-extra-dry\/","title":{"rendered":"Val Moreira Port Wine Extra-Dry"},"content":{"rendered":"<p>Le vin de Porto Extra-Dry 2019 de Val Moreira est un vin portugais de la r\u00e9gion viticole du Douro, produit par Val Moreira. Ce vin exprime le caract\u00e8re et l&rsquo;authenticit\u00e9 du terroir portugais, alliant \u00e9quilibre, structure et \u00e9l\u00e9gance. \u00c9labor\u00e9 \u00e0 partir des c\u00e9pages Malvasia Fina, C\u00f3dega de Larinho et Rabigato, il refl\u00e8te distinctement le terroir du Douro. Il repr\u00e9sente l&rsquo;identit\u00e9 et la tradition des vins portugais, tout en pr\u00e9sentant un profil raffin\u00e9 et contemporain.   <\/p>\n","protected":false},"excerpt":{"rendered":"<p>Le vin de Porto Extra-Dry 2019 de Val Moreira est un vin portugais de la r\u00e9gion viticole du Douro, produit par Val Moreira. Ce vin exprime le caract\u00e8re et l&rsquo;authenticit\u00e9 [&hellip;]<\/p>\n","protected":false},"featured_media":6093,"comment_status":"open","ping_status":"closed","template":"","meta":[],"product_brand":[],"product_cat":[450],"product_tag":[],"region":[],"class_list":{"0":"post-6720","1":"product","2":"type-product","3":"status-publish","4":"has-post-thumbnail","6":"product_cat-blanc","7":"pa_grapes-codega-de-larinho","8":"pa_grapes-malvoisie-fine","9":"pa_grapes-rabigato","10":"pa_oenologist-francisco-baptista","11":"pa_wine-year-492","12":"pa_winery-val-moreira","14":"first","15":"instock","16":"shipping-taxable","17":"purchasable","18":"product-type-simple"},"_links":{"self":[{"href":"https:\/\/auriscollection.belo.digital\/fr\/wp-json\/wp\/v2\/product\/6720","targetHints":{"allow":["GET"]}}],"collection":[{"href":"https:\/\/auriscollection.belo.digital\/fr\/wp-json\/wp\/v2\/product"}],"about":[{"href":"https:\/\/auriscollection.belo.digital\/fr\/wp-json\/wp\/v2\/types\/product"}],"replies":[{"embeddable":true,"href":"https:\/\/auriscollection.belo.digital\/fr\/wp-json\/wp\/v2\/comments?post=6720"}],"wp:featuredmedia":[{"embeddable":true,"href":"https:\/\/auriscollection.belo.digital\/fr\/wp-json\/wp\/v2\/media\/6093"}],"wp:attachment":[{"href":"https:\/\/auriscollection.belo.digital\/fr\/wp-json\/wp\/v2\/media?parent=6720"}],"wp:term":[{"taxonomy":"product_brand","embeddable":true,"href":"https:\/\/auriscollection.belo.digital\/fr\/wp-json\/wp\/v2\/product_brand?post=6720"},{"taxonomy":"product_cat","embeddable":true,"href":"https:\/\/auriscollection.belo.digital\/fr\/wp-json\/wp\/v2\/product_cat?post=6720"},{"taxonomy":"product_tag","embeddable":true,"href":"https:\/\/auriscollection.belo.digital\/fr\/wp-json\/wp\/v2\/product_tag?post=6720"},{"taxonomy":"region","embeddable":true,"href":"https:\/\/auriscollection.belo.digital\/fr\/wp-json\/wp\/v2\/region?post=6720"}],"curies":[{"name":"wp","href":"https:\/\/api.w.org\/{rel}","templated":true}]}}