{"id":6736,"date":"2026-03-20T11:04:26","date_gmt":"2026-03-20T11:04:26","guid":{"rendered":"https:\/\/auriscollection.belo.digital\/produto\/terras-do-demo-malvasia-fina-brut-2022\/"},"modified":"2026-04-22T15:50:03","modified_gmt":"2026-04-22T15:50:03","slug":"terras-do-demo-malvasia-fina-brut-2022","status":"publish","type":"product","link":"https:\/\/auriscollection.belo.digital\/fr\/produit\/terras-do-demo-malvasia-fina-brut-2022\/","title":{"rendered":"Terras do Demo Malvasia Fina Brut 2022"},"content":{"rendered":"<p>Terras do Demo Malvasia Fina Brut 2022 est un vin portugais de la r\u00e9gion viticole de Terras de Cister, produit par la Cooperativa Agr\u00edcola do T\u00e1vora. Ce vin exprime le caract\u00e8re et l&rsquo;authenticit\u00e9 du terroir portugais, alliant \u00e9quilibre, structure et \u00e9l\u00e9gance. Issu du c\u00e9page Malvasia Fina, il refl\u00e8te distinctement le terroir des Terras de Cister. Il repr\u00e9sente l&rsquo;identit\u00e9 et la tradition des vins portugais, tout en pr\u00e9sentant un profil raffin\u00e9 et contemporain.   <\/p>\n","protected":false},"excerpt":{"rendered":"<p>Terras do Demo Malvasia Fina Brut 2022 est un vin portugais de la r\u00e9gion viticole de Terras de Cister, produit par la Cooperativa Agr\u00edcola do T\u00e1vora. Ce vin exprime le [&hellip;]<\/p>\n","protected":false},"featured_media":6738,"comment_status":"open","ping_status":"closed","template":"","meta":[],"product_brand":[],"product_cat":[588],"product_tag":[],"region":[644,645],"class_list":{"0":"post-6736","1":"product","2":"type-product","3":"status-publish","4":"has-post-thumbnail","6":"product_cat-vin-mousseux","7":"pa_grapes-malvoisie-fine","8":"pa_oenologist-cristina-machado","9":"pa_wine-year-448","10":"pa_winery-cooperative-agricole-de-tavora","11":"region-region-des-terres-cisterciennes","12":"region-varosa","14":"first","15":"instock","16":"shipping-taxable","17":"purchasable","18":"product-type-simple"},"_links":{"self":[{"href":"https:\/\/auriscollection.belo.digital\/fr\/wp-json\/wp\/v2\/product\/6736","targetHints":{"allow":["GET"]}}],"collection":[{"href":"https:\/\/auriscollection.belo.digital\/fr\/wp-json\/wp\/v2\/product"}],"about":[{"href":"https:\/\/auriscollection.belo.digital\/fr\/wp-json\/wp\/v2\/types\/product"}],"replies":[{"embeddable":true,"href":"https:\/\/auriscollection.belo.digital\/fr\/wp-json\/wp\/v2\/comments?post=6736"}],"wp:featuredmedia":[{"embeddable":true,"href":"https:\/\/auriscollection.belo.digital\/fr\/wp-json\/wp\/v2\/media\/6738"}],"wp:attachment":[{"href":"https:\/\/auriscollection.belo.digital\/fr\/wp-json\/wp\/v2\/media?parent=6736"}],"wp:term":[{"taxonomy":"product_brand","embeddable":true,"href":"https:\/\/auriscollection.belo.digital\/fr\/wp-json\/wp\/v2\/product_brand?post=6736"},{"taxonomy":"product_cat","embeddable":true,"href":"https:\/\/auriscollection.belo.digital\/fr\/wp-json\/wp\/v2\/product_cat?post=6736"},{"taxonomy":"product_tag","embeddable":true,"href":"https:\/\/auriscollection.belo.digital\/fr\/wp-json\/wp\/v2\/product_tag?post=6736"},{"taxonomy":"region","embeddable":true,"href":"https:\/\/auriscollection.belo.digital\/fr\/wp-json\/wp\/v2\/region?post=6736"}],"curies":[{"name":"wp","href":"https:\/\/api.w.org\/{rel}","templated":true}]}}